{"id":1800,"date":"2023-03-27T12:47:03","date_gmt":"2023-03-27T18:47:03","guid":{"rendered":"https:\/\/milestonebuckles.com\/?post_type=product&#038;p=1800"},"modified":"2023-09-26T09:50:11","modified_gmt":"2023-09-26T15:50:11","slug":"champion-blummen-2","status":"publish","type":"product","link":"https:\/\/milestonebuckles.com\/?product=champion-blummen-2&lang=de","title":{"rendered":"\u00b7CHAMPION BLUMEN"},"content":{"rendered":"\n    <div class=\"xs_social_share_widget xs_share_url before_content \t\tmain_content  wslu-style-1 wslu-share-box-shaped wslu-fill-colored wslu-none wslu-share-horizontal wslu-theme-font-yes wslu-main_content\">\n\n\t\t\n        <ul>\n\t\t\t                    <li class=\"xs-share-li whatsapp                        wslu-no-extra-data\">\n                        <a href=\"javascript:void();\"\n                           id=\"xs_feed_whatsapp\"\n                           onclick=\"xs_social_sharer(this);\"\n                           data-pid=\"1800\"\n                           data-uri_hash=\"70719a888630c16b8f6c8601516f5fc5\"\n                           data-key=\"whatsapp\"\n                           data-xs-href=\"whatsapp:\/\/send?text=%C2%B7CHAMPION+BLUMEN+https%3A%2F%2Fmilestonebuckles.com%2Findex.php%3Frest_route%3D%252Fwp%252Fv2%252Fproduct%252F1800\">\n\n                            <div class=\"xs-social-icon\">\n                                <span class=\"met-social met-social-whatsapp\"><\/span>\n                            <\/div>\n\n\t\t\t\t\t\t\t\n                            <div class=\"wslu-hover-content\">\n                                <div class=\"xs-social-followers\">\n\t\t\t\t\t\t\t\t\t0                                <\/div>\n                                <div class=\"xs-social-follower-text\">\n\t\t\t\t\t\t\t\t\tShare                                <\/div>\n                                <div class=\"xs-social-follower-label\">\n\t\t\t\t\t\t\t\t\tWhatsApp                                <\/div>\n                            <\/div>\n                        <\/a>\n                    <\/li>\n\t\t\t\t\t                    <li class=\"xs-share-li email                        wslu-no-extra-data\">\n                        <a href=\"javascript:void();\"\n                           id=\"xs_feed_email\"\n                           onclick=\"xs_social_sharer(this);\"\n                           data-pid=\"1800\"\n                           data-uri_hash=\"70719a888630c16b8f6c8601516f5fc5\"\n                           data-key=\"email\"\n                           data-xs-href=\"mailto:?body=Title%3A+%C2%B7CHAMPION+BLUMEN+%5Cn%5Cn+URL%3A+https%3A%2F%2Fmilestonebuckles.com%2Findex.php%3Frest_route%3D%252Fwp%252Fv2%252Fproduct%252F1800&amp;subject=%C2%B7CHAMPION+BLUMEN\">\n\n                            <div class=\"xs-social-icon\">\n                                <span class=\"met-social met-social-email\"><\/span>\n                            <\/div>\n\n\t\t\t\t\t\t\t\n                            <div class=\"wslu-hover-content\">\n                                <div class=\"xs-social-followers\">\n\t\t\t\t\t\t\t\t\t0                                <\/div>\n                                <div class=\"xs-social-follower-text\">\n\t\t\t\t\t\t\t\t\tShare                                <\/div>\n                                <div class=\"xs-social-follower-label\">\n\t\t\t\t\t\t\t\t\t                                <\/div>\n                            <\/div>\n                        <\/a>\n                    <\/li>\n\t\t\t\t\t        <\/ul>\n    <\/div> \n<ul>\n<li style=\"font-weight: 400;\">Option f\u00fcr die R\u00fcckseite der Schnalle: Wir k\u00f6nnen die R\u00fcckseite mit Gravuren und Buchstaben personalisieren, schreiben Sie bitte eine Mail mit Ihren Designw\u00fcnschen an: contact@milestonebuckes.com<\/li>\n<li style=\"font-weight: 400;\">Alle Waren werden f\u00fcr unsere Kunden kostenlos verpackt, mit Ausnahme von Produkten mit besonderen Versandanforderungen. Hier wird Ihnen ein separates Angebot mit den Preisen f\u00fcr den Versand zugeschickt.<\/li>\n<li style=\"font-weight: 400;\">Die Lieferzeit des Produkts nach Eingang der Bestellung betr\u00e4gt 30 bis 60 Tage je nach Auftragsvolumen und Komplexit\u00e4t des individuellen Designs. Diese Zeit z\u00e4hlt ab erfolgter Zahlung (ab Zahlungsbest\u00e4tigung der Bank) und nach Freigabe des Designs<\/li>\n<li style=\"font-weight: 400;\">Wir benachrichtigen Sie per E-Mail zum Zeitpunkt des Kaufs oder sp\u00e4testens innerhalb von maximal 24 Stunden.<\/li>\n<li style=\"font-weight: 400;\">Lieferzeiten variieren je nach ausgew\u00e4hltem Liefergebiet, Artikelverf\u00fcgbarkeit und nach der Tageszeit, zu der Sie Ihre Bestellung aufgeben.<\/li>\n<li style=\"font-weight: 400;\">Unsere Versandmethode ist der FEDEX-Kurierdienst und in den USA und Europa die lokale Post, diese verpflichten sich, die Ware in der festgelegten Zeit zu liefern, abh\u00e4ngig von ihrem verf\u00fcgbaren Zeitplan und der Erreichbarkeit des Bestimmungsortes. Falls es notwendig ist, eine Bestellung dringend zu erhalten, k\u00f6nnen Sie sich per E-Mail an unser Unternehmen wenden, damit wir Ihnen Optionen anbieten k\u00f6nnen. Es ist wichtig zu beachten, dass dringende Sendungen mit zus\u00e4tzlichen Kosten verbunden sind und nicht an Postf\u00e4cher gesendet werden k\u00f6nnen.<\/li>\n<li style=\"font-weight: 400;\">Jede Bestellung bedarf einer Empfangsbest\u00e4tigung mit Unterschrift, sobald der Kurier sie geliefert hat, um zu best\u00e4tigen, dass die Bestellung empfangen worden ist. Bei der Lieferung an Ihre Adresse wird die Person, die die Ware erh\u00e4lt, um eine Kopie des Ausweises gebeten, um die Identit\u00e4t zu \u00fcberpr\u00fcfen.<\/li>\n<li style=\"font-weight: 400;\">Es gibt keine R\u00fcckerstattungen und keine Stornierungen von Zahlungen oder Bestellungen.<\/li>\n<li style=\"font-weight: 400;\">Der Kauf kann nicht erstattet werden. Falls das Produkt einen Herstellungsfehler aufweisen sollte, wird es durch ein neues ersetzt.<\/li>\n<li style=\"font-weight: 400;\">Falls Ihr gew\u00fcnschtes Design nicht im Men\u00fc angezeigt wird oder Sie ein bestimmtes Logo setzen m\u00f6chten, senden Sie uns bitte eine JPG-Datei<\/li>\n<\/ul>\n","protected":false},"excerpt":{"rendered":"<p>0 Share WhatsApp 0 Share Option f\u00fcr die R\u00fcckseite der Schnalle: Wir k\u00f6nnen die R\u00fcckseite mit Gravuren und Buchstaben personalisieren, schreiben Sie bitte eine Mail mit Ihren Designw\u00fcnschen an: contact@milestonebuckes.com Alle Waren werden f\u00fcr unsere Kunden kostenlos verpackt, mit Ausnahme von Produkten mit besonderen Versandanforderungen. Hier wird Ihnen ein separates Angebot mit den Preisen f\u00fcr den Versand zugeschickt. Die Lieferzeit [&hellip;]<\/p>\n","protected":false},"featured_media":2110,"template":"","meta":[],"product_cat":[115],"product_tag":[],"class_list":{"0":"post-1800","1":"product","2":"type-product","3":"status-publish","4":"has-post-thumbnail","6":"product_cat-buckle-german","8":"first","9":"instock","10":"sale","11":"taxable","12":"shipping-taxable","13":"purchasable","14":"product-type-variable"},"aioseo_notices":[],"_links":{"self":[{"href":"https:\/\/milestonebuckles.com\/index.php?rest_route=\/wp\/v2\/product\/1800","targetHints":{"allow":["GET"]}}],"collection":[{"href":"https:\/\/milestonebuckles.com\/index.php?rest_route=\/wp\/v2\/product"}],"about":[{"href":"https:\/\/milestonebuckles.com\/index.php?rest_route=\/wp\/v2\/types\/product"}],"version-history":[{"count":4,"href":"https:\/\/milestonebuckles.com\/index.php?rest_route=\/wp\/v2\/product\/1800\/revisions"}],"predecessor-version":[{"id":2129,"href":"https:\/\/milestonebuckles.com\/index.php?rest_route=\/wp\/v2\/product\/1800\/revisions\/2129"}],"wp:featuredmedia":[{"embeddable":true,"href":"https:\/\/milestonebuckles.com\/index.php?rest_route=\/wp\/v2\/media\/2110"}],"wp:attachment":[{"href":"https:\/\/milestonebuckles.com\/index.php?rest_route=%2Fwp%2Fv2%2Fmedia&parent=1800"}],"wp:term":[{"taxonomy":"product_cat","embeddable":true,"href":"https:\/\/milestonebuckles.com\/index.php?rest_route=%2Fwp%2Fv2%2Fproduct_cat&post=1800"},{"taxonomy":"product_tag","embeddable":true,"href":"https:\/\/milestonebuckles.com\/index.php?rest_route=%2Fwp%2Fv2%2Fproduct_tag&post=1800"}],"curies":[{"name":"wp","href":"https:\/\/api.w.org\/{rel}","templated":true}]}}