{"id":1732,"date":"2023-03-16T14:48:12","date_gmt":"2023-03-16T20:48:12","guid":{"rendered":"https:\/\/milestonebuckles.com\/?page_id=1732"},"modified":"2023-03-16T14:48:13","modified_gmt":"2023-03-16T20:48:13","slug":"garantierichtlinien","status":"publish","type":"page","link":"https:\/\/milestonebuckles.com\/?page_id=1732","title":{"rendered":"Garantierichtlinien"},"content":{"rendered":"\n    <div class=\"xs_social_share_widget xs_share_url before_content \t\tmain_content  wslu-style-1 wslu-share-box-shaped wslu-fill-colored wslu-none wslu-share-horizontal wslu-theme-font-yes wslu-main_content\">\n\n\t\t\n        <ul>\n\t\t\t                    <li class=\"xs-share-li whatsapp                        wslu-no-extra-data\">\n                        <a href=\"javascript:void();\"\n                           id=\"xs_feed_whatsapp\"\n                           onclick=\"xs_social_sharer(this);\"\n                           data-pid=\"1732\"\n                           data-uri_hash=\"d6988edbaca4143e37937efcd06afc28\"\n                           data-key=\"whatsapp\"\n                           data-xs-href=\"whatsapp:\/\/send?text=Garantierichtlinien+https%3A%2F%2Fmilestonebuckles.com%2Findex.php%3Frest_route%3D%252Fwp%252Fv2%252Fpages%252F1732\">\n\n                            <div class=\"xs-social-icon\">\n                                <span class=\"met-social met-social-whatsapp\"><\/span>\n                            <\/div>\n\n\t\t\t\t\t\t\t\n                            <div class=\"wslu-hover-content\">\n                                <div class=\"xs-social-followers\">\n\t\t\t\t\t\t\t\t\t0                                <\/div>\n                                <div class=\"xs-social-follower-text\">\n\t\t\t\t\t\t\t\t\tShare                                <\/div>\n                                <div class=\"xs-social-follower-label\">\n\t\t\t\t\t\t\t\t\tWhatsApp                                <\/div>\n                            <\/div>\n                        <\/a>\n                    <\/li>\n\t\t\t\t\t                    <li class=\"xs-share-li email                        wslu-no-extra-data\">\n                        <a href=\"javascript:void();\"\n                           id=\"xs_feed_email\"\n                           onclick=\"xs_social_sharer(this);\"\n                           data-pid=\"1732\"\n                           data-uri_hash=\"d6988edbaca4143e37937efcd06afc28\"\n                           data-key=\"email\"\n                           data-xs-href=\"mailto:?body=Title%3A+Garantierichtlinien+%5Cn%5Cn+URL%3A+https%3A%2F%2Fmilestonebuckles.com%2Findex.php%3Frest_route%3D%252Fwp%252Fv2%252Fpages%252F1732&amp;subject=Garantierichtlinien\">\n\n                            <div class=\"xs-social-icon\">\n                                <span class=\"met-social met-social-email\"><\/span>\n                            <\/div>\n\n\t\t\t\t\t\t\t\n                            <div class=\"wslu-hover-content\">\n                                <div class=\"xs-social-followers\">\n\t\t\t\t\t\t\t\t\t0                                <\/div>\n                                <div class=\"xs-social-follower-text\">\n\t\t\t\t\t\t\t\t\tShare                                <\/div>\n                                <div class=\"xs-social-follower-label\">\n\t\t\t\t\t\t\t\t\t                                <\/div>\n                            <\/div>\n                        <\/a>\n                    <\/li>\n\t\t\t\t\t        <\/ul>\n    <\/div> \n\n<p>Milestone interessiert sich sehr f\u00fcr die vollste Zufriedenheit seiner Kunden.<\/p>\n\n\n\n<p>Alle vermarkteten Mileston-Produkte genie\u00dfen eine EINGESCHR\u00c4NKTE GARANTIE, die einzig und alleine bei Herstellungsfehlern eintritt. In diesen F\u00e4llen wird das Produkt ersetzt, solange dies innerhalb der Richtlinien unseres Unternehmens liegt.<\/p>\n\n\n\n<p>Alle unsere Produkte sind handgefertigte Unikate, es existieren daher keine identischen Exemplare. Es ist aufgrunddessen normal, dass die Produkte geringf\u00fcgige Abweichungen&nbsp;<\/p>\n\n\n\n<p>vom urspr\u00fcnglichen, genehmigten Design aufweisen k\u00f6nnen.<\/p>\n\n\n\n<p><\/p>\n\n\n\n<p>Die GARANTIE ERLISCHT in den folgenden F\u00e4llen:<\/p>\n\n\n\n<p>\u2022 Wenn das Produkt aufgrund von Missbrauch, \u00fcberm\u00e4\u00dfigem Gebrauch, Manipulation oder Nachl\u00e4ssigkeit Sch\u00e4den aufweist.<\/p>\n\n\n\n<p>\u2022 Sch\u00e4den, die durch sch\u00e4dliche Elemente (Fl\u00fcssigkeiten, S\u00e4uren, Staub, organische oder anorganische K\u00f6rper, chemische Substanzen usw.) entstehen, die nicht Bestandteil des Produkts sind.<\/p>\n\n\n\n<p>\u2022 Sch\u00e4den, die durch zus\u00e4tzliches Zubeh\u00f6r oder externe Ger\u00e4te verursacht wurden, die nicht speziell f\u00fcr dieses Produkt entwickelt worden sind.<\/p>\n\n\n\n<p>\u2022 Wenn das Produkt durch eine nicht von Milestone autorisierte Person ver\u00e4ndert oder repariert wurde.&nbsp;<\/p>\n","protected":false},"excerpt":{"rendered":"<p>0 Share WhatsApp 0 Share Milestone interessiert sich sehr f\u00fcr die vollste Zufriedenheit seiner Kunden. Alle vermarkteten Mileston-Produkte genie\u00dfen eine EINGESCHR\u00c4NKTE GARANTIE, die einzig und alleine bei Herstellungsfehlern eintritt. In diesen F\u00e4llen wird das Produkt ersetzt, solange dies innerhalb der Richtlinien unseres Unternehmens liegt. Alle unsere Produkte sind handgefertigte Unikate, es existieren daher keine identischen Exemplare. Es ist aufgrunddessen normal, [&hellip;]<\/p>\n","protected":false},"author":1,"featured_media":0,"parent":0,"menu_order":0,"comment_status":"closed","ping_status":"closed","template":"","meta":{"footnotes":""},"class_list":["post-1732","page","type-page","status-publish","hentry"],"aioseo_notices":[],"_links":{"self":[{"href":"https:\/\/milestonebuckles.com\/index.php?rest_route=\/wp\/v2\/pages\/1732","targetHints":{"allow":["GET"]}}],"collection":[{"href":"https:\/\/milestonebuckles.com\/index.php?rest_route=\/wp\/v2\/pages"}],"about":[{"href":"https:\/\/milestonebuckles.com\/index.php?rest_route=\/wp\/v2\/types\/page"}],"author":[{"embeddable":true,"href":"https:\/\/milestonebuckles.com\/index.php?rest_route=\/wp\/v2\/users\/1"}],"replies":[{"embeddable":true,"href":"https:\/\/milestonebuckles.com\/index.php?rest_route=%2Fwp%2Fv2%2Fcomments&post=1732"}],"version-history":[{"count":1,"href":"https:\/\/milestonebuckles.com\/index.php?rest_route=\/wp\/v2\/pages\/1732\/revisions"}],"predecessor-version":[{"id":1733,"href":"https:\/\/milestonebuckles.com\/index.php?rest_route=\/wp\/v2\/pages\/1732\/revisions\/1733"}],"wp:attachment":[{"href":"https:\/\/milestonebuckles.com\/index.php?rest_route=%2Fwp%2Fv2%2Fmedia&parent=1732"}],"curies":[{"name":"wp","href":"https:\/\/api.w.org\/{rel}","templated":true}]}}