{"id":1720,"date":"2023-03-16T14:42:13","date_gmt":"2023-03-16T20:42:13","guid":{"rendered":"https:\/\/milestonebuckles.com\/?page_id=1720"},"modified":"2023-03-16T14:42:14","modified_gmt":"2023-03-16T20:42:14","slug":"allgemeine-geschaftsbedingungen","status":"publish","type":"page","link":"https:\/\/milestonebuckles.com\/?page_id=1720","title":{"rendered":"Allgemeine Gesch\u00e4ftsbedingungen"},"content":{"rendered":"\n    <div class=\"xs_social_share_widget xs_share_url before_content \t\tmain_content  wslu-style-1 wslu-share-box-shaped wslu-fill-colored wslu-none wslu-share-horizontal wslu-theme-font-yes wslu-main_content\">\n\n\t\t\n        <ul>\n\t\t\t                    <li class=\"xs-share-li whatsapp                        wslu-no-extra-data\">\n                        <a href=\"javascript:void();\"\n                           id=\"xs_feed_whatsapp\"\n                           onclick=\"xs_social_sharer(this);\"\n                           data-pid=\"1720\"\n                           data-uri_hash=\"7a07ccf208e3f66a6f11b5fec8456127\"\n                           data-key=\"whatsapp\"\n                           data-xs-href=\"whatsapp:\/\/send?text=Allgemeine+Gesch%C3%A4ftsbedingungen+https%3A%2F%2Fmilestonebuckles.com%2Findex.php%3Frest_route%3D%252Fwp%252Fv2%252Fpages%252F1720\">\n\n                            <div class=\"xs-social-icon\">\n                                <span class=\"met-social met-social-whatsapp\"><\/span>\n                            <\/div>\n\n\t\t\t\t\t\t\t\n                            <div class=\"wslu-hover-content\">\n                                <div class=\"xs-social-followers\">\n\t\t\t\t\t\t\t\t\t0                                <\/div>\n                                <div class=\"xs-social-follower-text\">\n\t\t\t\t\t\t\t\t\tShare                                <\/div>\n                                <div class=\"xs-social-follower-label\">\n\t\t\t\t\t\t\t\t\tWhatsApp                                <\/div>\n                            <\/div>\n                        <\/a>\n                    <\/li>\n\t\t\t\t\t                    <li class=\"xs-share-li email                        wslu-no-extra-data\">\n                        <a href=\"javascript:void();\"\n                           id=\"xs_feed_email\"\n                           onclick=\"xs_social_sharer(this);\"\n                           data-pid=\"1720\"\n                           data-uri_hash=\"7a07ccf208e3f66a6f11b5fec8456127\"\n                           data-key=\"email\"\n                           data-xs-href=\"mailto:?body=Title%3A+Allgemeine+Gesch%C3%A4ftsbedingungen+%5Cn%5Cn+URL%3A+https%3A%2F%2Fmilestonebuckles.com%2Findex.php%3Frest_route%3D%252Fwp%252Fv2%252Fpages%252F1720&amp;subject=Allgemeine+Gesch%C3%A4ftsbedingungen\">\n\n                            <div class=\"xs-social-icon\">\n                                <span class=\"met-social met-social-email\"><\/span>\n                            <\/div>\n\n\t\t\t\t\t\t\t\n                            <div class=\"wslu-hover-content\">\n                                <div class=\"xs-social-followers\">\n\t\t\t\t\t\t\t\t\t0                                <\/div>\n                                <div class=\"xs-social-follower-text\">\n\t\t\t\t\t\t\t\t\tShare                                <\/div>\n                                <div class=\"xs-social-follower-label\">\n\t\t\t\t\t\t\t\t\t                                <\/div>\n                            <\/div>\n                        <\/a>\n                    <\/li>\n\t\t\t\t\t        <\/ul>\n    <\/div> \n\n<p>Wir freuen uns \u00fcber Ihren Besuch in unserem Milestone-Onlineshop. Mit jedem Kauf auf Milestonebuckles.com stimmen Sie den folgenden Gesch\u00e4ftsbedingungen zu.<\/p>\n\n\n\n<p>Beim Besuch von www.milestonebuckles.com unterliegen Sie den hier auf der Seite genannten Richtlinien, Rechten und Einschr\u00e4nkungen. Milestone Company beh\u00e4lt sich das Recht vor, dieses Dokument zu jedem beliebigen Zeitpunkt und unter den Umst\u00e4nden, die f\u00fcr die Firma am besten geeignet sind, zu modifizieren. Diese \u00c4nderungen treten zum Zeitpunkt der Ver\u00f6ffentlichung in Kraft.<\/p>\n","protected":false},"excerpt":{"rendered":"<p>0 Share WhatsApp 0 Share Wir freuen uns \u00fcber Ihren Besuch in unserem Milestone-Onlineshop. Mit jedem Kauf auf Milestonebuckles.com stimmen Sie den folgenden Gesch\u00e4ftsbedingungen zu. Beim Besuch von www.milestonebuckles.com unterliegen Sie den hier auf der Seite genannten Richtlinien, Rechten und Einschr\u00e4nkungen. Milestone Company beh\u00e4lt sich das Recht vor, dieses Dokument zu jedem beliebigen Zeitpunkt und unter den Umst\u00e4nden, die f\u00fcr [&hellip;]<\/p>\n","protected":false},"author":1,"featured_media":0,"parent":0,"menu_order":0,"comment_status":"closed","ping_status":"closed","template":"","meta":{"footnotes":""},"class_list":["post-1720","page","type-page","status-publish","hentry"],"aioseo_notices":[],"_links":{"self":[{"href":"https:\/\/milestonebuckles.com\/index.php?rest_route=\/wp\/v2\/pages\/1720","targetHints":{"allow":["GET"]}}],"collection":[{"href":"https:\/\/milestonebuckles.com\/index.php?rest_route=\/wp\/v2\/pages"}],"about":[{"href":"https:\/\/milestonebuckles.com\/index.php?rest_route=\/wp\/v2\/types\/page"}],"author":[{"embeddable":true,"href":"https:\/\/milestonebuckles.com\/index.php?rest_route=\/wp\/v2\/users\/1"}],"replies":[{"embeddable":true,"href":"https:\/\/milestonebuckles.com\/index.php?rest_route=%2Fwp%2Fv2%2Fcomments&post=1720"}],"version-history":[{"count":1,"href":"https:\/\/milestonebuckles.com\/index.php?rest_route=\/wp\/v2\/pages\/1720\/revisions"}],"predecessor-version":[{"id":1721,"href":"https:\/\/milestonebuckles.com\/index.php?rest_route=\/wp\/v2\/pages\/1720\/revisions\/1721"}],"wp:attachment":[{"href":"https:\/\/milestonebuckles.com\/index.php?rest_route=%2Fwp%2Fv2%2Fmedia&parent=1720"}],"curies":[{"name":"wp","href":"https:\/\/api.w.org\/{rel}","templated":true}]}}