{"id":1715,"date":"2023-03-16T14:34:34","date_gmt":"2023-03-16T20:34:34","guid":{"rendered":"https:\/\/milestonebuckles.com\/?page_id=1715"},"modified":"2023-03-16T14:34:35","modified_gmt":"2023-03-16T20:34:35","slug":"stornierungen","status":"publish","type":"page","link":"https:\/\/milestonebuckles.com\/?page_id=1715","title":{"rendered":"Stornierungen"},"content":{"rendered":"\n    <div class=\"xs_social_share_widget xs_share_url before_content \t\tmain_content  wslu-style-1 wslu-share-box-shaped wslu-fill-colored wslu-none wslu-share-horizontal wslu-theme-font-yes wslu-main_content\">\n\n\t\t\n        <ul>\n\t\t\t                    <li class=\"xs-share-li whatsapp                        wslu-no-extra-data\">\n                        <a href=\"javascript:void();\"\n                           id=\"xs_feed_whatsapp\"\n                           onclick=\"xs_social_sharer(this);\"\n                           data-pid=\"1715\"\n                           data-uri_hash=\"e9c822885a5a4947283bb927b93f99e5\"\n                           data-key=\"whatsapp\"\n                           data-xs-href=\"whatsapp:\/\/send?text=Stornierungen+https%3A%2F%2Fmilestonebuckles.com%2Findex.php%3Frest_route%3D%252Fwp%252Fv2%252Fpages%252F1715\">\n\n                            <div class=\"xs-social-icon\">\n                                <span class=\"met-social met-social-whatsapp\"><\/span>\n                            <\/div>\n\n\t\t\t\t\t\t\t\n                            <div class=\"wslu-hover-content\">\n                                <div class=\"xs-social-followers\">\n\t\t\t\t\t\t\t\t\t0                                <\/div>\n                                <div class=\"xs-social-follower-text\">\n\t\t\t\t\t\t\t\t\tShare                                <\/div>\n                                <div class=\"xs-social-follower-label\">\n\t\t\t\t\t\t\t\t\tWhatsApp                                <\/div>\n                            <\/div>\n                        <\/a>\n                    <\/li>\n\t\t\t\t\t                    <li class=\"xs-share-li email                        wslu-no-extra-data\">\n                        <a href=\"javascript:void();\"\n                           id=\"xs_feed_email\"\n                           onclick=\"xs_social_sharer(this);\"\n                           data-pid=\"1715\"\n                           data-uri_hash=\"e9c822885a5a4947283bb927b93f99e5\"\n                           data-key=\"email\"\n                           data-xs-href=\"mailto:?body=Title%3A+Stornierungen+%5Cn%5Cn+URL%3A+https%3A%2F%2Fmilestonebuckles.com%2Findex.php%3Frest_route%3D%252Fwp%252Fv2%252Fpages%252F1715&amp;subject=Stornierungen\">\n\n                            <div class=\"xs-social-icon\">\n                                <span class=\"met-social met-social-email\"><\/span>\n                            <\/div>\n\n\t\t\t\t\t\t\t\n                            <div class=\"wslu-hover-content\">\n                                <div class=\"xs-social-followers\">\n\t\t\t\t\t\t\t\t\t0                                <\/div>\n                                <div class=\"xs-social-follower-text\">\n\t\t\t\t\t\t\t\t\tShare                                <\/div>\n                                <div class=\"xs-social-follower-label\">\n\t\t\t\t\t\t\t\t\t                                <\/div>\n                            <\/div>\n                        <\/a>\n                    <\/li>\n\t\t\t\t\t        <\/ul>\n    <\/div> \n\n<p>Es gibt keine R\u00fcckerstattungen und keine Stornierungen von Zahlungen oder Bestellungen.<\/p>\n\n\n\n<p>Bitte bedenken Sie, dass die Stornierung einer Bestellung nur g\u00fcltig ist bevor die Zahlungsautorisierung erfolgt ist.&nbsp;<\/p>\n\n\n\n<p>Sobald die Zahlung autorisiert worden ist, wird das Design der Schnalle gefertigt und diese geht in die Produktion.&nbsp;<\/p>\n\n\n\n<p>Da jede Schnalle individuell hergestellt wird, gibt es nach erfolgter Zahlung keine R\u00fcckerstattung. Sobald das Design f\u00fcr die Produktion genehmigt worden ist, k\u00f6nnen keine Stornierungen oder \u00c4nderungen erfolgen.<\/p>\n\n\n\n<p>Der Erwerb unserer Produkte wird nicht erstattet. Falls das Produkt einen Herstellungsfehler aufweist, wird es ersetzt.<\/p>\n","protected":false},"excerpt":{"rendered":"<p>0 Share WhatsApp 0 Share Es gibt keine R\u00fcckerstattungen und keine Stornierungen von Zahlungen oder Bestellungen. Bitte bedenken Sie, dass die Stornierung einer Bestellung nur g\u00fcltig ist bevor die Zahlungsautorisierung erfolgt ist.&nbsp; Sobald die Zahlung autorisiert worden ist, wird das Design der Schnalle gefertigt und diese geht in die Produktion.&nbsp; Da jede Schnalle individuell hergestellt wird, gibt es nach erfolgter [&hellip;]<\/p>\n","protected":false},"author":1,"featured_media":0,"parent":0,"menu_order":0,"comment_status":"closed","ping_status":"closed","template":"","meta":{"footnotes":""},"class_list":["post-1715","page","type-page","status-publish","hentry"],"aioseo_notices":[],"_links":{"self":[{"href":"https:\/\/milestonebuckles.com\/index.php?rest_route=\/wp\/v2\/pages\/1715","targetHints":{"allow":["GET"]}}],"collection":[{"href":"https:\/\/milestonebuckles.com\/index.php?rest_route=\/wp\/v2\/pages"}],"about":[{"href":"https:\/\/milestonebuckles.com\/index.php?rest_route=\/wp\/v2\/types\/page"}],"author":[{"embeddable":true,"href":"https:\/\/milestonebuckles.com\/index.php?rest_route=\/wp\/v2\/users\/1"}],"replies":[{"embeddable":true,"href":"https:\/\/milestonebuckles.com\/index.php?rest_route=%2Fwp%2Fv2%2Fcomments&post=1715"}],"version-history":[{"count":1,"href":"https:\/\/milestonebuckles.com\/index.php?rest_route=\/wp\/v2\/pages\/1715\/revisions"}],"predecessor-version":[{"id":1716,"href":"https:\/\/milestonebuckles.com\/index.php?rest_route=\/wp\/v2\/pages\/1715\/revisions\/1716"}],"wp:attachment":[{"href":"https:\/\/milestonebuckles.com\/index.php?rest_route=%2Fwp%2Fv2%2Fmedia&parent=1715"}],"curies":[{"name":"wp","href":"https:\/\/api.w.org\/{rel}","templated":true}]}}