{"id":1706,"date":"2023-03-16T14:27:11","date_gmt":"2023-03-16T20:27:11","guid":{"rendered":"https:\/\/milestonebuckles.com\/?page_id=1706"},"modified":"2023-03-16T14:27:12","modified_gmt":"2023-03-16T20:27:12","slug":"versand","status":"publish","type":"page","link":"https:\/\/milestonebuckles.com\/?page_id=1706","title":{"rendered":"Versand&nbsp;"},"content":{"rendered":"\n    <div class=\"xs_social_share_widget xs_share_url before_content \t\tmain_content  wslu-style-1 wslu-share-box-shaped wslu-fill-colored wslu-none wslu-share-horizontal wslu-theme-font-yes wslu-main_content\">\n\n\t\t\n        <ul>\n\t\t\t                    <li class=\"xs-share-li whatsapp                        wslu-no-extra-data\">\n                        <a href=\"javascript:void();\"\n                           id=\"xs_feed_whatsapp\"\n                           onclick=\"xs_social_sharer(this);\"\n                           data-pid=\"1706\"\n                           data-uri_hash=\"d1499b435225ee9a23f68f5d206e74cc\"\n                           data-key=\"whatsapp\"\n                           data-xs-href=\"whatsapp:\/\/send?text=Versand%26nbsp%3B+https%3A%2F%2Fmilestonebuckles.com%2Findex.php%3Frest_route%3D%252Fwp%252Fv2%252Fpages%252F1706\">\n\n                            <div class=\"xs-social-icon\">\n                                <span class=\"met-social met-social-whatsapp\"><\/span>\n                            <\/div>\n\n\t\t\t\t\t\t\t\n                            <div class=\"wslu-hover-content\">\n                                <div class=\"xs-social-followers\">\n\t\t\t\t\t\t\t\t\t0                                <\/div>\n                                <div class=\"xs-social-follower-text\">\n\t\t\t\t\t\t\t\t\tShare                                <\/div>\n                                <div class=\"xs-social-follower-label\">\n\t\t\t\t\t\t\t\t\tWhatsApp                                <\/div>\n                            <\/div>\n                        <\/a>\n                    <\/li>\n\t\t\t\t\t                    <li class=\"xs-share-li email                        wslu-no-extra-data\">\n                        <a href=\"javascript:void();\"\n                           id=\"xs_feed_email\"\n                           onclick=\"xs_social_sharer(this);\"\n                           data-pid=\"1706\"\n                           data-uri_hash=\"d1499b435225ee9a23f68f5d206e74cc\"\n                           data-key=\"email\"\n                           data-xs-href=\"mailto:?body=Title%3A+Versand%26nbsp%3B+%5Cn%5Cn+URL%3A+https%3A%2F%2Fmilestonebuckles.com%2Findex.php%3Frest_route%3D%252Fwp%252Fv2%252Fpages%252F1706&amp;subject=Versand%26nbsp%3B\">\n\n                            <div class=\"xs-social-icon\">\n                                <span class=\"met-social met-social-email\"><\/span>\n                            <\/div>\n\n\t\t\t\t\t\t\t\n                            <div class=\"wslu-hover-content\">\n                                <div class=\"xs-social-followers\">\n\t\t\t\t\t\t\t\t\t0                                <\/div>\n                                <div class=\"xs-social-follower-text\">\n\t\t\t\t\t\t\t\t\tShare                                <\/div>\n                                <div class=\"xs-social-follower-label\">\n\t\t\t\t\t\t\t\t\t                                <\/div>\n                            <\/div>\n                        <\/a>\n                    <\/li>\n\t\t\t\t\t        <\/ul>\n    <\/div> \n\n<p>Die Lieferzeit beginnt wenn die bestellung eingeht, die Zahlung get\u00e4tigt ist und die Bank die Zahlung best\u00e4tigt. Diese Best\u00e4tigung erhalten sie per E-Mail im selben Moment des Kaufs oder&nbsp;&nbsp;innerhalb von maximal 24 Stunden. Die Abnahme des Designs hat eine Dauer von etwa 30-60 Tage, je nach Auftragsvolumen und Komplexit\u00e4t der Sonderanfertigung.<\/p>\n\n\n\n<p>Die Lieferzeiten k\u00f6nnen je nach ausgew\u00e4hltem Zustellbezirk, Artikelverf\u00fcgbarkeit und der Tageszeit, zu der Sie Ihre Bestellung aufgeben variieren. F\u00fcr die Zustellung kann m\u00f6glicherweise eine Unterschrift erforderlich sein.<\/p>\n\n\n\n<p>Unser Versand erfolgt \u00fcber FEDEX oder \u00fcber einen lokalen Kurier in den USA und in Europa, FEDEX verpflichtet sich die Ware in der festgelegten Zeit und gem\u00e4\u00df der verf\u00fcgbaren Programmierung und der Erreichbarkeit des Zielortes zu liefern.<\/p>\n\n\n\n<p>Falls es notwendig sein sollte, eine Bestellung dringend zu versenden, k\u00f6nnen Sie sich per E-Mail an unser Unternehmen wenden, damit wir Ihnen realistische und tragf\u00e4hige Optionen anbieten k\u00f6nnen. Es ist wesentlich zu ber\u00fccksichtigen, dass Expresslieferungen mit zus\u00e4tzlichen Kosten verbunden sind und nicht an Postf\u00e4cher versandt werden k\u00f6nnen.<\/p>\n\n\n\n<p>Jede Bestellung erfordern eine Empfangsbest\u00e4tigung, um nachzuweisen, dass die Bestellung empfangen worden ist, sobald der Kurier sie geliefert hat.<\/p>\n\n\n\n<p>Bei der Zustellung an der von Ihnen genannten Adresse wird die empfangende Person um eine Kopie des amtlichen Ausweises gebeten, um die Identit\u00e4t zu best\u00e4tigen.<\/p>\n","protected":false},"excerpt":{"rendered":"<p>0 Share WhatsApp 0 Share Die Lieferzeit beginnt wenn die bestellung eingeht, die Zahlung get\u00e4tigt ist und die Bank die Zahlung best\u00e4tigt. Diese Best\u00e4tigung erhalten sie per E-Mail im selben Moment des Kaufs oder&nbsp;&nbsp;innerhalb von maximal 24 Stunden. Die Abnahme des Designs hat eine Dauer von etwa 30-60 Tage, je nach Auftragsvolumen und Komplexit\u00e4t der Sonderanfertigung. Die Lieferzeiten k\u00f6nnen je [&hellip;]<\/p>\n","protected":false},"author":1,"featured_media":0,"parent":0,"menu_order":0,"comment_status":"closed","ping_status":"closed","template":"","meta":{"footnotes":""},"class_list":["post-1706","page","type-page","status-publish","hentry"],"aioseo_notices":[],"_links":{"self":[{"href":"https:\/\/milestonebuckles.com\/index.php?rest_route=\/wp\/v2\/pages\/1706","targetHints":{"allow":["GET"]}}],"collection":[{"href":"https:\/\/milestonebuckles.com\/index.php?rest_route=\/wp\/v2\/pages"}],"about":[{"href":"https:\/\/milestonebuckles.com\/index.php?rest_route=\/wp\/v2\/types\/page"}],"author":[{"embeddable":true,"href":"https:\/\/milestonebuckles.com\/index.php?rest_route=\/wp\/v2\/users\/1"}],"replies":[{"embeddable":true,"href":"https:\/\/milestonebuckles.com\/index.php?rest_route=%2Fwp%2Fv2%2Fcomments&post=1706"}],"version-history":[{"count":1,"href":"https:\/\/milestonebuckles.com\/index.php?rest_route=\/wp\/v2\/pages\/1706\/revisions"}],"predecessor-version":[{"id":1707,"href":"https:\/\/milestonebuckles.com\/index.php?rest_route=\/wp\/v2\/pages\/1706\/revisions\/1707"}],"wp:attachment":[{"href":"https:\/\/milestonebuckles.com\/index.php?rest_route=%2Fwp%2Fv2%2Fmedia&parent=1706"}],"curies":[{"name":"wp","href":"https:\/\/api.w.org\/{rel}","templated":true}]}}