{"id":1696,"date":"2023-03-16T14:22:08","date_gmt":"2023-03-16T20:22:08","guid":{"rendered":"https:\/\/milestonebuckles.com\/?page_id=1696"},"modified":"2023-03-16T14:22:10","modified_gmt":"2023-03-16T20:22:10","slug":"sonderangebote-coupons-und-rabatte","status":"publish","type":"page","link":"https:\/\/milestonebuckles.com\/?page_id=1696","title":{"rendered":"Sonderangebote, Coupons und Rabatte."},"content":{"rendered":"\n    <div class=\"xs_social_share_widget xs_share_url before_content \t\tmain_content  wslu-style-1 wslu-share-box-shaped wslu-fill-colored wslu-none wslu-share-horizontal wslu-theme-font-yes wslu-main_content\">\n\n\t\t\n        <ul>\n\t\t\t                    <li class=\"xs-share-li whatsapp                        wslu-no-extra-data\">\n                        <a href=\"javascript:void();\"\n                           id=\"xs_feed_whatsapp\"\n                           onclick=\"xs_social_sharer(this);\"\n                           data-pid=\"1696\"\n                           data-uri_hash=\"e43ef5566761678ca6c160f88e77435b\"\n                           data-key=\"whatsapp\"\n                           data-xs-href=\"whatsapp:\/\/send?text=Sonderangebote%2C+Coupons+und+Rabatte.+https%3A%2F%2Fmilestonebuckles.com%2Findex.php%3Frest_route%3D%252Fwp%252Fv2%252Fpages%252F1696\">\n\n                            <div class=\"xs-social-icon\">\n                                <span class=\"met-social met-social-whatsapp\"><\/span>\n                            <\/div>\n\n\t\t\t\t\t\t\t\n                            <div class=\"wslu-hover-content\">\n                                <div class=\"xs-social-followers\">\n\t\t\t\t\t\t\t\t\t0                                <\/div>\n                                <div class=\"xs-social-follower-text\">\n\t\t\t\t\t\t\t\t\tShare                                <\/div>\n                                <div class=\"xs-social-follower-label\">\n\t\t\t\t\t\t\t\t\tWhatsApp                                <\/div>\n                            <\/div>\n                        <\/a>\n                    <\/li>\n\t\t\t\t\t                    <li class=\"xs-share-li email                        wslu-no-extra-data\">\n                        <a href=\"javascript:void();\"\n                           id=\"xs_feed_email\"\n                           onclick=\"xs_social_sharer(this);\"\n                           data-pid=\"1696\"\n                           data-uri_hash=\"e43ef5566761678ca6c160f88e77435b\"\n                           data-key=\"email\"\n                           data-xs-href=\"mailto:?body=Title%3A+Sonderangebote%2C+Coupons+und+Rabatte.+%5Cn%5Cn+URL%3A+https%3A%2F%2Fmilestonebuckles.com%2Findex.php%3Frest_route%3D%252Fwp%252Fv2%252Fpages%252F1696&amp;subject=Sonderangebote%2C+Coupons+und+Rabatte.\">\n\n                            <div class=\"xs-social-icon\">\n                                <span class=\"met-social met-social-email\"><\/span>\n                            <\/div>\n\n\t\t\t\t\t\t\t\n                            <div class=\"wslu-hover-content\">\n                                <div class=\"xs-social-followers\">\n\t\t\t\t\t\t\t\t\t0                                <\/div>\n                                <div class=\"xs-social-follower-text\">\n\t\t\t\t\t\t\t\t\tShare                                <\/div>\n                                <div class=\"xs-social-follower-label\">\n\t\t\t\t\t\t\t\t\t                                <\/div>\n                            <\/div>\n                        <\/a>\n                    <\/li>\n\t\t\t\t\t        <\/ul>\n    <\/div> \n\n<p>Milestone Company bietet Produkte mit h\u00f6chster Qualit\u00e4t und zu hervorragenden Preisen an. Falls Sie einen Rabattgutschein besitzen, kann dieser nicht verwendet werden wenn das Produkt schon im Angebot ist.&nbsp;<\/p>\n\n\n\n<p>Die Preise und\/oder Werbeaktionen, die auf anderen Seiten oder Medien ver\u00f6ffentlicht werden, auf denen milesbuckles.com auch pr\u00e4sent ist, sind exklusiv und k\u00f6nnen auf keinem anderen Kanal g\u00fcltig gemacht werden.<\/p>\n","protected":false},"excerpt":{"rendered":"<p>0 Share WhatsApp 0 Share Milestone Company bietet Produkte mit h\u00f6chster Qualit\u00e4t und zu hervorragenden Preisen an. Falls Sie einen Rabattgutschein besitzen, kann dieser nicht verwendet werden wenn das Produkt schon im Angebot ist.&nbsp; Die Preise und\/oder Werbeaktionen, die auf anderen Seiten oder Medien ver\u00f6ffentlicht werden, auf denen milesbuckles.com auch pr\u00e4sent ist, sind exklusiv und k\u00f6nnen auf keinem anderen Kanal [&hellip;]<\/p>\n","protected":false},"author":1,"featured_media":0,"parent":0,"menu_order":0,"comment_status":"closed","ping_status":"closed","template":"","meta":{"footnotes":""},"class_list":["post-1696","page","type-page","status-publish","hentry"],"aioseo_notices":[],"_links":{"self":[{"href":"https:\/\/milestonebuckles.com\/index.php?rest_route=\/wp\/v2\/pages\/1696","targetHints":{"allow":["GET"]}}],"collection":[{"href":"https:\/\/milestonebuckles.com\/index.php?rest_route=\/wp\/v2\/pages"}],"about":[{"href":"https:\/\/milestonebuckles.com\/index.php?rest_route=\/wp\/v2\/types\/page"}],"author":[{"embeddable":true,"href":"https:\/\/milestonebuckles.com\/index.php?rest_route=\/wp\/v2\/users\/1"}],"replies":[{"embeddable":true,"href":"https:\/\/milestonebuckles.com\/index.php?rest_route=%2Fwp%2Fv2%2Fcomments&post=1696"}],"version-history":[{"count":1,"href":"https:\/\/milestonebuckles.com\/index.php?rest_route=\/wp\/v2\/pages\/1696\/revisions"}],"predecessor-version":[{"id":1697,"href":"https:\/\/milestonebuckles.com\/index.php?rest_route=\/wp\/v2\/pages\/1696\/revisions\/1697"}],"wp:attachment":[{"href":"https:\/\/milestonebuckles.com\/index.php?rest_route=%2Fwp%2Fv2%2Fmedia&parent=1696"}],"curies":[{"name":"wp","href":"https:\/\/api.w.org\/{rel}","templated":true}]}}