{"id":1693,"date":"2023-03-16T14:20:26","date_gmt":"2023-03-16T20:20:26","guid":{"rendered":"https:\/\/milestonebuckles.com\/?page_id=1693"},"modified":"2023-03-16T14:20:27","modified_gmt":"2023-03-16T20:20:27","slug":"preise","status":"publish","type":"page","link":"https:\/\/milestonebuckles.com\/?page_id=1693","title":{"rendered":"Preise"},"content":{"rendered":"\n    <div class=\"xs_social_share_widget xs_share_url before_content \t\tmain_content  wslu-style-1 wslu-share-box-shaped wslu-fill-colored wslu-none wslu-share-horizontal wslu-theme-font-yes wslu-main_content\">\n\n\t\t\n        <ul>\n\t\t\t                    <li class=\"xs-share-li whatsapp                        wslu-no-extra-data\">\n                        <a href=\"javascript:void();\"\n                           id=\"xs_feed_whatsapp\"\n                           onclick=\"xs_social_sharer(this);\"\n                           data-pid=\"1693\"\n                           data-uri_hash=\"dfefffc2aff1aa4beeb95936e998c625\"\n                           data-key=\"whatsapp\"\n                           data-xs-href=\"whatsapp:\/\/send?text=Preise+https%3A%2F%2Fmilestonebuckles.com%2Findex.php%3Frest_route%3D%252Fwp%252Fv2%252Fpages%252F1693\">\n\n                            <div class=\"xs-social-icon\">\n                                <span class=\"met-social met-social-whatsapp\"><\/span>\n                            <\/div>\n\n\t\t\t\t\t\t\t\n                            <div class=\"wslu-hover-content\">\n                                <div class=\"xs-social-followers\">\n\t\t\t\t\t\t\t\t\t0                                <\/div>\n                                <div class=\"xs-social-follower-text\">\n\t\t\t\t\t\t\t\t\tShare                                <\/div>\n                                <div class=\"xs-social-follower-label\">\n\t\t\t\t\t\t\t\t\tWhatsApp                                <\/div>\n                            <\/div>\n                        <\/a>\n                    <\/li>\n\t\t\t\t\t                    <li class=\"xs-share-li email                        wslu-no-extra-data\">\n                        <a href=\"javascript:void();\"\n                           id=\"xs_feed_email\"\n                           onclick=\"xs_social_sharer(this);\"\n                           data-pid=\"1693\"\n                           data-uri_hash=\"dfefffc2aff1aa4beeb95936e998c625\"\n                           data-key=\"email\"\n                           data-xs-href=\"mailto:?body=Title%3A+Preise+%5Cn%5Cn+URL%3A+https%3A%2F%2Fmilestonebuckles.com%2Findex.php%3Frest_route%3D%252Fwp%252Fv2%252Fpages%252F1693&amp;subject=Preise\">\n\n                            <div class=\"xs-social-icon\">\n                                <span class=\"met-social met-social-email\"><\/span>\n                            <\/div>\n\n\t\t\t\t\t\t\t\n                            <div class=\"wslu-hover-content\">\n                                <div class=\"xs-social-followers\">\n\t\t\t\t\t\t\t\t\t0                                <\/div>\n                                <div class=\"xs-social-follower-text\">\n\t\t\t\t\t\t\t\t\tShare                                <\/div>\n                                <div class=\"xs-social-follower-label\">\n\t\t\t\t\t\t\t\t\t                                <\/div>\n                            <\/div>\n                        <\/a>\n                    <\/li>\n\t\t\t\t\t        <\/ul>\n    <\/div> \n\n<p>Die auf der Website milesbuckes.com ver\u00f6ffentlichten Preise gelten nur f\u00fcr diesen Kanal und k\u00f6nnen sich ohne Vorank\u00fcndigung \u00e4ndern.<\/p>\n\n\n\n<p>Falls der ver\u00f6ffentlichte Preis des Produkts aus irgendeinem Grund $0.00 oder $0.01 betr\u00e4gt, bitten wir Sie, uns unter&nbsp;<a href=\"mailto:milestonebuckles@gmail.com\">milestonebuckles@gmail.com<\/a>&nbsp;zu kontaktieren, um Ihnen den korrekten Preis des Artikels mitzuteilen.<\/p>\n\n\n\n<p>Keinesfalls kann man davon ausgehen, dass Produkte die nicht mit einem Preis versehen sind, verschenkt werden. Jede Bestellung, die unter dieser Annehme aufgegeben wird, wird ohne Vorank\u00fcndigung storniert.<\/p>\n","protected":false},"excerpt":{"rendered":"<p>0 Share WhatsApp 0 Share Die auf der Website milesbuckes.com ver\u00f6ffentlichten Preise gelten nur f\u00fcr diesen Kanal und k\u00f6nnen sich ohne Vorank\u00fcndigung \u00e4ndern. Falls der ver\u00f6ffentlichte Preis des Produkts aus irgendeinem Grund $0.00 oder $0.01 betr\u00e4gt, bitten wir Sie, uns unter&nbsp;milestonebuckles@gmail.com&nbsp;zu kontaktieren, um Ihnen den korrekten Preis des Artikels mitzuteilen. Keinesfalls kann man davon ausgehen, dass Produkte die nicht mit [&hellip;]<\/p>\n","protected":false},"author":1,"featured_media":0,"parent":0,"menu_order":0,"comment_status":"closed","ping_status":"closed","template":"","meta":{"footnotes":""},"class_list":["post-1693","page","type-page","status-publish","hentry"],"aioseo_notices":[],"_links":{"self":[{"href":"https:\/\/milestonebuckles.com\/index.php?rest_route=\/wp\/v2\/pages\/1693","targetHints":{"allow":["GET"]}}],"collection":[{"href":"https:\/\/milestonebuckles.com\/index.php?rest_route=\/wp\/v2\/pages"}],"about":[{"href":"https:\/\/milestonebuckles.com\/index.php?rest_route=\/wp\/v2\/types\/page"}],"author":[{"embeddable":true,"href":"https:\/\/milestonebuckles.com\/index.php?rest_route=\/wp\/v2\/users\/1"}],"replies":[{"embeddable":true,"href":"https:\/\/milestonebuckles.com\/index.php?rest_route=%2Fwp%2Fv2%2Fcomments&post=1693"}],"version-history":[{"count":1,"href":"https:\/\/milestonebuckles.com\/index.php?rest_route=\/wp\/v2\/pages\/1693\/revisions"}],"predecessor-version":[{"id":1694,"href":"https:\/\/milestonebuckles.com\/index.php?rest_route=\/wp\/v2\/pages\/1693\/revisions\/1694"}],"wp:attachment":[{"href":"https:\/\/milestonebuckles.com\/index.php?rest_route=%2Fwp%2Fv2%2Fmedia&parent=1693"}],"curies":[{"name":"wp","href":"https:\/\/api.w.org\/{rel}","templated":true}]}}