{"id":1683,"date":"2023-03-16T14:09:07","date_gmt":"2023-03-16T20:09:07","guid":{"rendered":"https:\/\/milestonebuckles.com\/?page_id=1683"},"modified":"2023-03-16T14:18:19","modified_gmt":"2023-03-16T20:18:19","slug":"zahlungsbedingungen-und-merchandising","status":"publish","type":"page","link":"https:\/\/milestonebuckles.com\/?page_id=1683","title":{"rendered":"Zahlungsbedingungen und Merchandising"},"content":{"rendered":"\n    <div class=\"xs_social_share_widget xs_share_url before_content \t\tmain_content  wslu-style-1 wslu-share-box-shaped wslu-fill-colored wslu-none wslu-share-horizontal wslu-theme-font-yes wslu-main_content\">\n\n\t\t\n        <ul>\n\t\t\t                    <li class=\"xs-share-li whatsapp                        wslu-no-extra-data\">\n                        <a href=\"javascript:void();\"\n                           id=\"xs_feed_whatsapp\"\n                           onclick=\"xs_social_sharer(this);\"\n                           data-pid=\"1683\"\n                           data-uri_hash=\"20d26d540b9bfe5b1b94a391244ab1a4\"\n                           data-key=\"whatsapp\"\n                           data-xs-href=\"whatsapp:\/\/send?text=Zahlungsbedingungen+und+Merchandising+https%3A%2F%2Fmilestonebuckles.com%2Findex.php%3Frest_route%3D%252Fwp%252Fv2%252Fpages%252F1683\">\n\n                            <div class=\"xs-social-icon\">\n                                <span class=\"met-social met-social-whatsapp\"><\/span>\n                            <\/div>\n\n\t\t\t\t\t\t\t\n                            <div class=\"wslu-hover-content\">\n                                <div class=\"xs-social-followers\">\n\t\t\t\t\t\t\t\t\t0                                <\/div>\n                                <div class=\"xs-social-follower-text\">\n\t\t\t\t\t\t\t\t\tShare                                <\/div>\n                                <div class=\"xs-social-follower-label\">\n\t\t\t\t\t\t\t\t\tWhatsApp                                <\/div>\n                            <\/div>\n                        <\/a>\n                    <\/li>\n\t\t\t\t\t                    <li class=\"xs-share-li email                        wslu-no-extra-data\">\n                        <a href=\"javascript:void();\"\n                           id=\"xs_feed_email\"\n                           onclick=\"xs_social_sharer(this);\"\n                           data-pid=\"1683\"\n                           data-uri_hash=\"20d26d540b9bfe5b1b94a391244ab1a4\"\n                           data-key=\"email\"\n                           data-xs-href=\"mailto:?body=Title%3A+Zahlungsbedingungen+und+Merchandising+%5Cn%5Cn+URL%3A+https%3A%2F%2Fmilestonebuckles.com%2Findex.php%3Frest_route%3D%252Fwp%252Fv2%252Fpages%252F1683&amp;subject=Zahlungsbedingungen+und+Merchandising\">\n\n                            <div class=\"xs-social-icon\">\n                                <span class=\"met-social met-social-email\"><\/span>\n                            <\/div>\n\n\t\t\t\t\t\t\t\n                            <div class=\"wslu-hover-content\">\n                                <div class=\"xs-social-followers\">\n\t\t\t\t\t\t\t\t\t0                                <\/div>\n                                <div class=\"xs-social-follower-text\">\n\t\t\t\t\t\t\t\t\tShare                                <\/div>\n                                <div class=\"xs-social-follower-label\">\n\t\t\t\t\t\t\t\t\t                                <\/div>\n                            <\/div>\n                        <\/a>\n                    <\/li>\n\t\t\t\t\t        <\/ul>\n    <\/div> \n\n<p class=\"has-text-align-left\">Milestone beh\u00e4lt sich das Recht vor, offizielle Dokumente von Kunden anzufordern, um den Produkterwerbsprozess \u00fcber die Webseite zu \u00fcberpr\u00fcfen.<\/p>\n\n\n\n<p>Die Bestellnummer, die bei der Durchf\u00fchrung der Transaktion auf der Milestone-Internetseite zugewiesen wird, impliziert nicht dass der Kauf angenommen worden ist. Falls es ein Problem mit Ihrer Bestellung geben sollte, werden Sie per E-Mail oder Telefon benachrichtigt.<\/p>\n\n\n\n<p><\/p>\n","protected":false},"excerpt":{"rendered":"<p>0 Share WhatsApp 0 Share Milestone beh\u00e4lt sich das Recht vor, offizielle Dokumente von Kunden anzufordern, um den Produkterwerbsprozess \u00fcber die Webseite zu \u00fcberpr\u00fcfen. Die Bestellnummer, die bei der Durchf\u00fchrung der Transaktion auf der Milestone-Internetseite zugewiesen wird, impliziert nicht dass der Kauf angenommen worden ist. Falls es ein Problem mit Ihrer Bestellung geben sollte, werden Sie per E-Mail oder Telefon [&hellip;]<\/p>\n","protected":false},"author":1,"featured_media":0,"parent":0,"menu_order":0,"comment_status":"closed","ping_status":"closed","template":"","meta":{"footnotes":""},"class_list":["post-1683","page","type-page","status-publish","hentry"],"aioseo_notices":[],"_links":{"self":[{"href":"https:\/\/milestonebuckles.com\/index.php?rest_route=\/wp\/v2\/pages\/1683","targetHints":{"allow":["GET"]}}],"collection":[{"href":"https:\/\/milestonebuckles.com\/index.php?rest_route=\/wp\/v2\/pages"}],"about":[{"href":"https:\/\/milestonebuckles.com\/index.php?rest_route=\/wp\/v2\/types\/page"}],"author":[{"embeddable":true,"href":"https:\/\/milestonebuckles.com\/index.php?rest_route=\/wp\/v2\/users\/1"}],"replies":[{"embeddable":true,"href":"https:\/\/milestonebuckles.com\/index.php?rest_route=%2Fwp%2Fv2%2Fcomments&post=1683"}],"version-history":[{"count":5,"href":"https:\/\/milestonebuckles.com\/index.php?rest_route=\/wp\/v2\/pages\/1683\/revisions"}],"predecessor-version":[{"id":1692,"href":"https:\/\/milestonebuckles.com\/index.php?rest_route=\/wp\/v2\/pages\/1683\/revisions\/1692"}],"wp:attachment":[{"href":"https:\/\/milestonebuckles.com\/index.php?rest_route=%2Fwp%2Fv2%2Fmedia&parent=1683"}],"curies":[{"name":"wp","href":"https:\/\/api.w.org\/{rel}","templated":true}]}}